{"id":11,"date":"2018-11-19T04:36:16","date_gmt":"2018-11-19T04:36:16","guid":{"rendered":"http:\/\/localhost\/san_francisco\/?page_id=11"},"modified":"2021-02-21T21:30:23","modified_gmt":"2021-02-21T21:30:23","slug":"proyecto-educativo","status":"publish","type":"page","link":"https:\/\/www.santateresa.edu.pe\/portal\/proyecto-educativo\/","title":{"rendered":"Proyecto Educativo"},"content":{"rendered":"<p>[vc_row content_placement=\u00bbmiddle\u00bb][vc_column width=\u00bb1\/2&#8243;][vc_column_text]Nuestra innovadora propuesta pedag\u00f3gica busca desarrollar el m\u00e9todo activo, personalizado basado en la formaci\u00f3n \u00e9tica de nuestros alumnos, utilizando diversos recursos pedag\u00f3gicos en contextos reales. Nuestro proyecto educativo se sustenta en los siguientes principios:<\/p>\n<ul>\n<li>Participaci\u00f3n de los alumnos de acuerdo a sus intereses y necesidades.<\/li>\n<\/ul>\n<ul>\n<li>Preparar a nuestros alumnos para un mercado laboral que exige nuevas formas de pensar y trabajar.<\/li>\n<\/ul>\n<ul>\n<li>Propiciar el trabajo en equipo con dinamismo y responsabilidad entre los estudiantes, padres de familia y docentes, para obtener los aprendizajes esperados. Nadie se sentir\u00e1 excluido.<\/li>\n<\/ul>\n<ul>\n<li>Aplicaci\u00f3n de nuevas tecnolog\u00edas e Inclusi\u00f3n de las herramientas TIC (tecnolog\u00edas de la informaci\u00f3n y la comunicaci\u00f3n), TAC (tecnolog\u00edas del aprendizaje y el conocimiento) y TOC (tecnolog\u00edas online colaborativas y cooperativas) en nuestro sistema educativo para un mejor aprendizaje integral.<\/li>\n<\/ul>\n<ul>\n<li>Privilegiar el sentido cr\u00edtico y autocr\u00edtico.<\/li>\n<\/ul>\n<ul>\n<li>Tutor\u00eda y acompa\u00f1amiento permanente para orientaciones dentro y fuera de la escuela, con el apoyo de nuestro Departamento Psicopedag\u00f3gico.<\/li>\n<\/ul>\n<ul>\n<li>Impulsamos al arte, la cultura y el deporte, mediante diversos talleres para garantizar el desarrollo de las inteligencias m\u00faltiples de nuestros alumnos.<\/li>\n<\/ul>\n<p>[\/vc_column_text][\/vc_column][vc_column width=\u00bb1\/2&#8243;]<\/p>\n<div class=\"image wrap-box no-style below\" style=\"\">\n<div class=\"wrap-box-inner\"><img decoding=\"async\" class=\"wrap-box-element\" style=\" \" src=\"http:\/\/www.santateresa.edu.pe\/portal\/wp-content\/uploads\/2021\/02\/interior-images-5-1.jpg\" alt=\"\"\/><\/div>\n<\/div>\n<p>[\/vc_column][\/vc_row]<\/p>\n","protected":false},"excerpt":{"rendered":"<p>[vc_row content_placement=\u00bbmiddle\u00bb][vc_column width=\u00bb1\/2&#8243;][vc_column_text]Nuestra innovadora propuesta pedag\u00f3gica busca desarrollar el m\u00e9todo activo, personalizado basado en la formaci\u00f3n \u00e9tica de nuestros alumnos,&#8230;<\/p>\n","protected":false},"author":1,"featured_media":0,"parent":0,"menu_order":0,"comment_status":"closed","ping_status":"closed","template":"","meta":{"_joinchat":[],"footnotes":""},"class_list":["post-11","page","type-page","status-publish","hentry"],"_links":{"self":[{"href":"https:\/\/www.santateresa.edu.pe\/portal\/wp-json\/wp\/v2\/pages\/11"}],"collection":[{"href":"https:\/\/www.santateresa.edu.pe\/portal\/wp-json\/wp\/v2\/pages"}],"about":[{"href":"https:\/\/www.santateresa.edu.pe\/portal\/wp-json\/wp\/v2\/types\/page"}],"author":[{"embeddable":true,"href":"https:\/\/www.santateresa.edu.pe\/portal\/wp-json\/wp\/v2\/users\/1"}],"replies":[{"embeddable":true,"href":"https:\/\/www.santateresa.edu.pe\/portal\/wp-json\/wp\/v2\/comments?post=11"}],"version-history":[{"count":15,"href":"https:\/\/www.santateresa.edu.pe\/portal\/wp-json\/wp\/v2\/pages\/11\/revisions"}],"predecessor-version":[{"id":767,"href":"https:\/\/www.santateresa.edu.pe\/portal\/wp-json\/wp\/v2\/pages\/11\/revisions\/767"}],"wp:attachment":[{"href":"https:\/\/www.santateresa.edu.pe\/portal\/wp-json\/wp\/v2\/media?parent=11"}],"curies":[{"name":"wp","href":"https:\/\/api.w.org\/{rel}","templated":true}]}}